{"id":11,"date":"2023-08-14T16:02:58","date_gmt":"2023-08-14T14:02:58","guid":{"rendered":"https:\/\/e-nb1.hu\/?page_id=11"},"modified":"2023-09-02T15:29:39","modified_gmt":"2023-09-02T13:29:39","slug":"nb1","status":"publish","type":"page","link":"https:\/\/e-nb1.hu\/?page_id=11","title":{"rendered":"NB1"},"content":{"rendered":"\n<p>Am\u00edg a sorozat PES (Pro Evolution Soccer) n\u00e9ven futott tal\u00e1n m\u00e1r megszokott\u00e1 v\u00e1lt, hogy a lelkes rajong\u00f3k az &#8222;Edit&#8221; m\u00f3dnak k\u00f6sz\u00f6nhet\u0151en szinte a vil\u00e1g b\u00e1rmelyik bajnoks\u00e1g\u00e1t bevar\u00e1zsolt\u00e1k a j\u00e1t\u00e9kba. Tal\u00e1n term\u00e9szetes, hogy a magyar bajnoks\u00e1g, azaz az NB1 is el\u00e9rhet\u0151.<\/p>\n\n\n\n<p>Az eFootball egyel\u0151re nem \u00f6rvendeztetett meg a szerkeszt\u00e9s lehet\u0151s\u00e9g\u00e9vel, de a Konami \u00edg\u00e9rete szerint m\u00e9g a 2023-as \u00e9vben megkapjuk ezt (is). \u00c9s itt j\u00f6n k\u00e9pbe az oldal, ahol rem\u00e9nyeim szerint mihamarabb megtal\u00e1lhat\u00f3 lesz a legfrissebb c\u00edmer, mez, j\u00e1t\u00e9kos keret \u00e9s minden egy\u00e9b, ami a sz\u00f3rakoz\u00e1sunk\u00e9rt felel. Persze kell majd m\u00e9g egy Master League is, hogy igaz\u00e1n j\u00f3 legyen a dolog, de ez is k\u00f6zeledik!<\/p>\n\n\n\n<p>A jelen \u00e1ll\u00e1s szerint a 12 csapathoz minimum 36 mez fog elk\u00e9sz\u00fclni (1-1 hazai, idegenbeli \u00e9s kapus felszerel\u00e9s). Ezek k\u00e9sz\u00edt\u00e9s alatt \u00e1llnak, ma, azaz 09.02-\u00e9n 28 darabn\u00e1l j\u00e1rok. A 2021-es Season Update jelenleg az egyetlen lehet\u0151s\u00e9g, hogy ezeket \u00e9lesben, azaz a j\u00e1t\u00e9kon bel\u00fcl is meg lehessen n\u00e9zni. Szerencs\u00e9re a mezek text\u00far\u00e1ja maradt a r\u00e9gi fel\u00e9p\u00edt\u00e9s, \u00edgy sz\u00e9pen halad a projekt ezen r\u00e9sze.<\/p>\n\n\n\n<p>A j\u00e1t\u00e9kosok: ez m\u00e1r j\u00f3val id\u0151ig\u00e9nyesebb t\u00e9ma. Csapatonk\u00e9nt 22-25 j\u00e1t\u00e9kos az bizony m\u00e1r k\u00f6zel 300, de a tulajdons\u00e1gaik k\u00e9szen vannak, m\u00e9gpedig a Footbal Manager aktu\u00e1lis, vagyis 2023-as r\u00e9sz\u00e9b\u0151l konvert\u00e1lva.<\/p>\n","protected":false},"excerpt":{"rendered":"<p>Am\u00edg a sorozat PES (Pro Evolution Soccer) n\u00e9ven futott tal\u00e1n m\u00e1r megszokott\u00e1 v\u00e1lt, hogy a lelkes rajong\u00f3k az &#8222;Edit&#8221; m\u00f3dnak<\/p>\n","protected":false},"author":1,"featured_media":0,"parent":0,"menu_order":0,"comment_status":"closed","ping_status":"closed","template":"","meta":{"colormag_page_container_layout":"default_layout","colormag_page_sidebar_layout":"default_layout","footnotes":""},"class_list":["post-11","page","type-page","status-publish","hentry"],"_links":{"self":[{"href":"https:\/\/e-nb1.hu\/index.php?rest_route=\/wp\/v2\/pages\/11","targetHints":{"allow":["GET"]}}],"collection":[{"href":"https:\/\/e-nb1.hu\/index.php?rest_route=\/wp\/v2\/pages"}],"about":[{"href":"https:\/\/e-nb1.hu\/index.php?rest_route=\/wp\/v2\/types\/page"}],"author":[{"embeddable":true,"href":"https:\/\/e-nb1.hu\/index.php?rest_route=\/wp\/v2\/users\/1"}],"replies":[{"embeddable":true,"href":"https:\/\/e-nb1.hu\/index.php?rest_route=%2Fwp%2Fv2%2Fcomments&post=11"}],"version-history":[{"count":3,"href":"https:\/\/e-nb1.hu\/index.php?rest_route=\/wp\/v2\/pages\/11\/revisions"}],"predecessor-version":[{"id":105,"href":"https:\/\/e-nb1.hu\/index.php?rest_route=\/wp\/v2\/pages\/11\/revisions\/105"}],"wp:attachment":[{"href":"https:\/\/e-nb1.hu\/index.php?rest_route=%2Fwp%2Fv2%2Fmedia&parent=11"}],"curies":[{"name":"wp","href":"https:\/\/api.w.org\/{rel}","templated":true}]}}