{"id":211,"date":"2024-01-07T13:49:55","date_gmt":"2024-01-07T11:49:55","guid":{"rendered":"https:\/\/e-nb1.hu\/?page_id=211"},"modified":"2024-07-19T19:58:31","modified_gmt":"2024-07-19T17:58:31","slug":"jatekos-skillek","status":"publish","type":"page","link":"https:\/\/e-nb1.hu\/?page_id=211","title":{"rendered":"J\u00e1t\u00e9kos skillek, tulajdons\u00e1gok"},"content":{"rendered":"\n<p>Az \u0151sszel bevezetett Legacy Transfer lehet\u0151v\u00e9 tette, hogy a j\u00e1t\u00e9kosok Skill-jeit is \u00e1t tudjuk rakni a m\u00e1sik j\u00e1t\u00e9kosnak, ezzel is haszn\u00e1lhat\u00f3bb\u00e1 t\u00e9ve \u0151t.<\/p>\n\n\n\n<p>Scissors Feint, Double Touch, Flip Flap, Marseille Turn, Sombrero, Chop Turn, Cut Behind &amp; Turn, Scoth Move, Sole Control, Heading, Long-Range Curler, Chip Shot Control, Knuckle Shot, Dipping Shot, Rising Shot, Long-Range Shooting, Acrobatic Finishing, Heel Trick, First-time Shot, One-touch Pass, Through Passing, Weighted Pass, Pinpoint Crossing, Outside Curler, Rabona, No Look Pass, Low Lofted Pass, Long Throw, Penalty Specialist, Gamesmanship, Man Marking, Track Back, Interception, Blocker, Aerial Superiority, Sliding Tackle, Acrobatic Clearance, Captaincy, Super-sub, Fighting Spirit<\/p>\n","protected":false},"excerpt":{"rendered":"<p>Az \u0151sszel bevezetett Legacy Transfer lehet\u0151v\u00e9 tette, hogy a j\u00e1t\u00e9kosok Skill-jeit is \u00e1t tudjuk rakni a m\u00e1sik j\u00e1t\u00e9kosnak, ezzel is<\/p>\n","protected":false},"author":1,"featured_media":0,"parent":0,"menu_order":0,"comment_status":"closed","ping_status":"closed","template":"","meta":{"colormag_page_container_layout":"default_layout","colormag_page_sidebar_layout":"default_layout","footnotes":""},"class_list":["post-211","page","type-page","status-publish","hentry"],"_links":{"self":[{"href":"https:\/\/e-nb1.hu\/index.php?rest_route=\/wp\/v2\/pages\/211","targetHints":{"allow":["GET"]}}],"collection":[{"href":"https:\/\/e-nb1.hu\/index.php?rest_route=\/wp\/v2\/pages"}],"about":[{"href":"https:\/\/e-nb1.hu\/index.php?rest_route=\/wp\/v2\/types\/page"}],"author":[{"embeddable":true,"href":"https:\/\/e-nb1.hu\/index.php?rest_route=\/wp\/v2\/users\/1"}],"replies":[{"embeddable":true,"href":"https:\/\/e-nb1.hu\/index.php?rest_route=%2Fwp%2Fv2%2Fcomments&post=211"}],"version-history":[{"count":3,"href":"https:\/\/e-nb1.hu\/index.php?rest_route=\/wp\/v2\/pages\/211\/revisions"}],"predecessor-version":[{"id":465,"href":"https:\/\/e-nb1.hu\/index.php?rest_route=\/wp\/v2\/pages\/211\/revisions\/465"}],"wp:attachment":[{"href":"https:\/\/e-nb1.hu\/index.php?rest_route=%2Fwp%2Fv2%2Fmedia&parent=211"}],"curies":[{"name":"wp","href":"https:\/\/api.w.org\/{rel}","templated":true}]}}